{"id":16,"date":"2022-12-13T18:54:48","date_gmt":"2022-12-13T15:54:48","guid":{"rendered":"https:\/\/alemira.ee\/et\/?page_id=16"},"modified":"2023-02-25T16:35:49","modified_gmt":"2023-02-25T13:35:49","slug":"o-nas","status":"publish","type":"page","link":"https:\/\/alemira.ee\/et\/o-nas\/","title":{"rendered":"Meie kohta"},"content":{"rendered":"\n<p>Alustasime oma tegevust 2011. aastal ning tegelesime esialgu eranditult akende paigalduse ja remondiga. Aastate jooksul on AleMira oluliselt laiendanud pakutavate teenuste valikut ning keskendunud p\u00e4ikesekaitses\u00fcsteemide m\u00fc\u00fcgile ja paigaldamisele.<\/p>\n<p>Tootevalik sisaldab k\u00f5iki uusimaid turusuundumusi igale maitsele ja eelarvele. Ettev\u00f5tte eksisteerimise jooksul on AleMira klientideks saanud tuhanded inimesed mitmes riigis. Meid seostatakse k\u00f5rge kvaliteedi, t\u00f6\u00f6kindluse, taskukohasuse ning laia toote- ja teenustevalikuga.<\/p>\n<div class=\"row\">\n<div class=\"col-md-6\">\n<h2 class=\"heading_content\" style=\"text-align:left;\">Soovitame<\/h2>\n<ul>\n<li>Horisontaalsed ja vertikaalsed rulood,<\/li>\n<li>plisseeritud rulood<\/li>\n<li>varikatused,<\/li>\n<li>rull (klassikaline ja kassett),<\/li>\n<li>P\u00e4ev-\u00f6\u00f6 rull (klassikaline ja kassett)<\/li>\n<li>Putukate v\u00f5red (aken ja uks).<\/li>\n<\/ul>\n<p>Lisaks tegeleme akende paigaldamise, reguleerimise, remondi ja moderniseerimisega.<\/p>\n<\/div>\n<div class=\"col-md-6\">\n<h2 class=\"heading_content\" style=\"text-align:left;\">Miks valida AleMira<\/h2>\n<ul>\n<li>Pakume oma klientidele parimat hinna ja kvaliteedi suhet.<\/li>\n<li>Teeme koost\u00f6\u00f6d ainult usaldusv\u00e4\u00e4rsete tarnijate ja partneritega. <\/li>\n<li>Kasutame ELis akrediteeritud kvaliteetseid materjale.<\/li>\n<li>Meie meeskonnas t\u00f6\u00f6tavad ainult professionaalid.<\/li>\n<\/ul>\n<\/div>\n<\/div>\n","protected":false},"excerpt":{"rendered":"<p>Alustasime oma tegevust 2011. aastal ning tegelesime esialgu eranditult akende paigalduse ja remondiga. Aastate jooksul on AleMira oluliselt laiendanud pakutavate teenuste valikut ning keskendunud p\u00e4ikesekaitses\u00fcsteemide m\u00fc\u00fcgile ja paigaldamisele. Tootevalik sisaldab k\u00f5iki uusimaid turusuundumusi igale maitsele ja eelarvele. Ettev\u00f5tte eksisteerimise jooksul on AleMira klientideks saanud tuhanded inimesed mitmes riigis. Meid seostatakse k\u00f5rge kvaliteedi, t\u00f6\u00f6kindluse, taskukohasuse ning [&hellip;]<\/p>\n","protected":false},"author":1,"featured_media":0,"parent":0,"menu_order":0,"comment_status":"closed","ping_status":"closed","template":"","meta":{"inline_featured_image":false,"footnotes":""},"class_list":["post-16","page","type-page","status-publish","hentry"],"acf":[],"yoast_head":"<!-- This site is optimized with the Yoast SEO Premium plugin v19.6 (Yoast SEO v27.3) - https:\/\/yoast.com\/product\/yoast-seo-premium-wordpress\/ -->\n<title>Meie kohta - Alemira ET<\/title>\n<meta name=\"robots\" content=\"noindex, follow, max-snippet:-1, max-image-preview:large, max-video-preview:-1\" \/>\n<meta property=\"og:locale\" content=\"et_EE\" \/>\n<meta property=\"og:type\" content=\"article\" \/>\n<meta property=\"og:title\" content=\"Meie kohta\" \/>\n<meta property=\"og:description\" content=\"Alustasime oma tegevust 2011. aastal ning tegelesime esialgu eranditult akende paigalduse ja remondiga. Aastate jooksul on AleMira oluliselt laiendanud pakutavate teenuste valikut ning keskendunud p\u00e4ikesekaitses\u00fcsteemide m\u00fc\u00fcgile ja paigaldamisele. Tootevalik sisaldab k\u00f5iki uusimaid turusuundumusi igale maitsele ja eelarvele. Ettev\u00f5tte eksisteerimise jooksul on AleMira klientideks saanud tuhanded inimesed mitmes riigis. Meid seostatakse k\u00f5rge kvaliteedi, t\u00f6\u00f6kindluse, taskukohasuse ning [&hellip;]\" \/>\n<meta property=\"og:url\" content=\"https:\/\/alemira.ee\/et\/o-nas\/\" \/>\n<meta property=\"og:site_name\" content=\"Alemira ET\" \/>\n<meta property=\"article:modified_time\" content=\"2023-02-25T13:35:49+00:00\" \/>\n<meta name=\"twitter:card\" content=\"summary_large_image\" \/>\n<meta name=\"twitter:label1\" content=\"Est. reading time\" \/>\n\t<meta name=\"twitter:data1\" content=\"1 minut\" \/>\n<script type=\"application\/ld+json\" class=\"yoast-schema-graph\">{\"@context\":\"https:\\\/\\\/schema.org\",\"@graph\":[{\"@type\":\"WebPage\",\"@id\":\"https:\\\/\\\/alemira.ee\\\/et\\\/o-nas\\\/\",\"url\":\"https:\\\/\\\/alemira.ee\\\/et\\\/o-nas\\\/\",\"name\":\"Meie kohta - Alemira ET\",\"isPartOf\":{\"@id\":\"https:\\\/\\\/alemira.ee\\\/et\\\/#website\"},\"datePublished\":\"2022-12-13T15:54:48+00:00\",\"dateModified\":\"2023-02-25T13:35:49+00:00\",\"breadcrumb\":{\"@id\":\"https:\\\/\\\/alemira.ee\\\/et\\\/o-nas\\\/#breadcrumb\"},\"inLanguage\":\"et\",\"potentialAction\":[{\"@type\":\"ReadAction\",\"target\":[\"https:\\\/\\\/alemira.ee\\\/et\\\/o-nas\\\/\"]}]},{\"@type\":\"BreadcrumbList\",\"@id\":\"https:\\\/\\\/alemira.ee\\\/et\\\/o-nas\\\/#breadcrumb\",\"itemListElement\":[{\"@type\":\"ListItem\",\"position\":1,\"name\":\"\u0413\u043b\u0430\u0432\u043d\u0430\u044f \u0441\u0442\u0440\u0430\u043d\u0438\u0446\u0430\",\"item\":\"https:\\\/\\\/alemira.ee\\\/et\\\/\"},{\"@type\":\"ListItem\",\"position\":2,\"name\":\"Meie kohta\"}]},{\"@type\":\"WebSite\",\"@id\":\"https:\\\/\\\/alemira.ee\\\/et\\\/#website\",\"url\":\"https:\\\/\\\/alemira.ee\\\/et\\\/\",\"name\":\"Alemira ET\",\"description\":\"\",\"potentialAction\":[{\"@type\":\"SearchAction\",\"target\":{\"@type\":\"EntryPoint\",\"urlTemplate\":\"https:\\\/\\\/alemira.ee\\\/et\\\/?s={search_term_string}\"},\"query-input\":{\"@type\":\"PropertyValueSpecification\",\"valueRequired\":true,\"valueName\":\"search_term_string\"}}],\"inLanguage\":\"et\"}]}<\/script>\n<!-- \/ Yoast SEO Premium plugin. -->","yoast_head_json":{"title":"Meie kohta - Alemira ET","robots":{"index":"noindex","follow":"follow","max-snippet":"max-snippet:-1","max-image-preview":"max-image-preview:large","max-video-preview":"max-video-preview:-1"},"og_locale":"et_EE","og_type":"article","og_title":"Meie kohta","og_description":"Alustasime oma tegevust 2011. aastal ning tegelesime esialgu eranditult akende paigalduse ja remondiga. Aastate jooksul on AleMira oluliselt laiendanud pakutavate teenuste valikut ning keskendunud p\u00e4ikesekaitses\u00fcsteemide m\u00fc\u00fcgile ja paigaldamisele. Tootevalik sisaldab k\u00f5iki uusimaid turusuundumusi igale maitsele ja eelarvele. Ettev\u00f5tte eksisteerimise jooksul on AleMira klientideks saanud tuhanded inimesed mitmes riigis. Meid seostatakse k\u00f5rge kvaliteedi, t\u00f6\u00f6kindluse, taskukohasuse ning [&hellip;]","og_url":"https:\/\/alemira.ee\/et\/o-nas\/","og_site_name":"Alemira ET","article_modified_time":"2023-02-25T13:35:49+00:00","twitter_card":"summary_large_image","twitter_misc":{"Est. reading time":"1 minut"},"schema":{"@context":"https:\/\/schema.org","@graph":[{"@type":"WebPage","@id":"https:\/\/alemira.ee\/et\/o-nas\/","url":"https:\/\/alemira.ee\/et\/o-nas\/","name":"Meie kohta - Alemira ET","isPartOf":{"@id":"https:\/\/alemira.ee\/et\/#website"},"datePublished":"2022-12-13T15:54:48+00:00","dateModified":"2023-02-25T13:35:49+00:00","breadcrumb":{"@id":"https:\/\/alemira.ee\/et\/o-nas\/#breadcrumb"},"inLanguage":"et","potentialAction":[{"@type":"ReadAction","target":["https:\/\/alemira.ee\/et\/o-nas\/"]}]},{"@type":"BreadcrumbList","@id":"https:\/\/alemira.ee\/et\/o-nas\/#breadcrumb","itemListElement":[{"@type":"ListItem","position":1,"name":"\u0413\u043b\u0430\u0432\u043d\u0430\u044f \u0441\u0442\u0440\u0430\u043d\u0438\u0446\u0430","item":"https:\/\/alemira.ee\/et\/"},{"@type":"ListItem","position":2,"name":"Meie kohta"}]},{"@type":"WebSite","@id":"https:\/\/alemira.ee\/et\/#website","url":"https:\/\/alemira.ee\/et\/","name":"Alemira ET","description":"","potentialAction":[{"@type":"SearchAction","target":{"@type":"EntryPoint","urlTemplate":"https:\/\/alemira.ee\/et\/?s={search_term_string}"},"query-input":{"@type":"PropertyValueSpecification","valueRequired":true,"valueName":"search_term_string"}}],"inLanguage":"et"}]}},"_links":{"self":[{"href":"https:\/\/alemira.ee\/et\/wp-json\/wp\/v2\/pages\/16","targetHints":{"allow":["GET"]}}],"collection":[{"href":"https:\/\/alemira.ee\/et\/wp-json\/wp\/v2\/pages"}],"about":[{"href":"https:\/\/alemira.ee\/et\/wp-json\/wp\/v2\/types\/page"}],"author":[{"embeddable":true,"href":"https:\/\/alemira.ee\/et\/wp-json\/wp\/v2\/users\/1"}],"replies":[{"embeddable":true,"href":"https:\/\/alemira.ee\/et\/wp-json\/wp\/v2\/comments?post=16"}],"version-history":[{"count":11,"href":"https:\/\/alemira.ee\/et\/wp-json\/wp\/v2\/pages\/16\/revisions"}],"predecessor-version":[{"id":1355,"href":"https:\/\/alemira.ee\/et\/wp-json\/wp\/v2\/pages\/16\/revisions\/1355"}],"wp:attachment":[{"href":"https:\/\/alemira.ee\/et\/wp-json\/wp\/v2\/media?parent=16"}],"curies":[{"name":"wp","href":"https:\/\/api.w.org\/{rel}","templated":true}]}}